{"id":89,"date":"2012-12-12T11:25:24","date_gmt":"2012-12-12T11:25:24","guid":{"rendered":"http:\/\/laurent.di-filippo.fr\/?page_id=89"},"modified":"2024-10-19T08:09:13","modified_gmt":"2024-10-19T08:09:13","slug":"presentation-et-contacts","status":"publish","type":"page","link":"https:\/\/laurent.di-filippo.fr\/?page_id=89","title":{"rendered":"Pr\u00e9sentation et contacts"},"content":{"rendered":"<p><a href=\"https:\/\/laurent.di-filippo.fr\/?attachment_id=319\" rel=\"attachment wp-att-319\"><img loading=\"lazy\" decoding=\"async\" class=\"alignright size-medium wp-image-319\" src=\"https:\/\/laurent.di-filippo.fr\/wp-content\/uploads\/2012\/12\/photo-identit\u00e9-228x300.jpg\" alt=\"photo identit\u00e9\" width=\"228\" height=\"300\" srcset=\"https:\/\/laurent.di-filippo.fr\/wp-content\/uploads\/2012\/12\/photo-identit\u00e9-228x300.jpg 228w, https:\/\/laurent.di-filippo.fr\/wp-content\/uploads\/2012\/12\/photo-identit\u00e9.jpg 391w\" sizes=\"auto, (max-width: 228px) 100vw, 228px\" \/><\/a>Docteur en sciences de l&rsquo;information et de la communication et en \u00e9tudes scandinaves. Ma\u00eetre de conf\u00e9rences en SIC \u00e0 l&rsquo;universit\u00e9 de Lorraine.<\/p>\n<p>Mes recherches de th\u00e8se portent sur la r\u00e9utilisation de la mythologie nordique dans les m\u00e9dias contemporains, principalement les jeux de r\u00f4le en ligne massivement multi-joueurs, mais aussi plus globalement dans les jeux vid\u00e9o et les jeux de r\u00f4le, les s\u00e9ries t\u00e9l\u00e9vis\u00e9es, les films, comics, mangas. Je m&rsquo;int\u00e9resse \u00e9galement aux questions relatives \u00e0 la transm\u00e9dialit\u00e9 et \u00e0 la r\u00e9flexivit\u00e9 en sciences et d\u2019interdisciplinarit\u00e9.<\/p>\n<p>Ce site sert \u00e0 centraliser les informations concernant mes travaux (liens vers diverses publications, communications pass\u00e9es et \u00e0 venir, etc.).<\/p>\n<p>Pour me contacter : laurent [ at ] di-filippo.fr<\/p>\n<p>Page HAL : <a href=\"https:\/\/tel.archives-ouvertes.fr\/UNIV-MULHOUSE\/search\/index\/q\/*\/authFullName_s\/Laurent+Di+Filippo\">https:\/\/tel.archives-ouvertes.fr\/UNIV-MULHOUSE\/search\/index\/q\/*\/authFullName_s\/Laurent+Di+Filippo<\/a><\/p>\n<p>Profil Academia : <a href=\"https:\/\/univ-lorraine.academia.edu\/LaurentDiFilippo\">https:\/\/univ-lorraine.academia.edu\/LaurentDiFilippo<\/a><\/p>\n<p>Page Researchgate : <a href=\"https:\/\/www.researchgate.net\/profile\/Laurent_Di_Filippo?ev=hdr_xprf\">https:\/\/www.researchgate.net\/profile\/Laurent_Di_Filippo?ev=hdr_xprf<\/a><\/p>\n<p>Page Facebook : <a href=\"https:\/\/www.facebook.com\/laurent.di.filippo\">https:\/\/www.facebook.com\/laurent.di.filippo<\/a><\/p>\n<p>Mastodon : <a href=\"https:\/\/social.sciences.re\/web\/@ldifilippo\">https:\/\/social.sciences.re\/web\/@ldifilippo<\/a><\/p>\n","protected":false},"excerpt":{"rendered":"<p>Docteur en sciences de l&rsquo;information et de la communication et en \u00e9tudes scandinaves. Ma\u00eetre de conf\u00e9rences en SIC \u00e0 l&rsquo;universit\u00e9 de Lorraine. Mes recherches de th\u00e8se portent sur la r\u00e9utilisation de la mythologie nordique dans les m\u00e9dias contemporains, principalement les jeux de r\u00f4le en ligne massivement multi-joueurs, mais aussi plus globalement dans les jeux vid\u00e9o &hellip; <a href=\"https:\/\/laurent.di-filippo.fr\/?page_id=89\" class=\"more-link\">Continuer la lecture de <span class=\"screen-reader-text\">Pr\u00e9sentation et contacts<\/span>  <span class=\"meta-nav\">&rarr;<\/span><\/a><\/p>\n","protected":false},"author":1,"featured_media":0,"parent":0,"menu_order":0,"comment_status":"closed","ping_status":"open","template":"","meta":{"footnotes":""},"class_list":["post-89","page","type-page","status-publish","hentry"],"_links":{"self":[{"href":"https:\/\/laurent.di-filippo.fr\/index.php?rest_route=\/wp\/v2\/pages\/89","targetHints":{"allow":["GET"]}}],"collection":[{"href":"https:\/\/laurent.di-filippo.fr\/index.php?rest_route=\/wp\/v2\/pages"}],"about":[{"href":"https:\/\/laurent.di-filippo.fr\/index.php?rest_route=\/wp\/v2\/types\/page"}],"author":[{"embeddable":true,"href":"https:\/\/laurent.di-filippo.fr\/index.php?rest_route=\/wp\/v2\/users\/1"}],"replies":[{"embeddable":true,"href":"https:\/\/laurent.di-filippo.fr\/index.php?rest_route=%2Fwp%2Fv2%2Fcomments&post=89"}],"version-history":[{"count":18,"href":"https:\/\/laurent.di-filippo.fr\/index.php?rest_route=\/wp\/v2\/pages\/89\/revisions"}],"predecessor-version":[{"id":855,"href":"https:\/\/laurent.di-filippo.fr\/index.php?rest_route=\/wp\/v2\/pages\/89\/revisions\/855"}],"wp:attachment":[{"href":"https:\/\/laurent.di-filippo.fr\/index.php?rest_route=%2Fwp%2Fv2%2Fmedia&parent=89"}],"curies":[{"name":"wp","href":"https:\/\/api.w.org\/{rel}","templated":true}]}}