{"id":65,"date":"2018-06-30T10:23:06","date_gmt":"2018-06-30T10:23:06","guid":{"rendered":"http:\/\/laurent.di-filippo.fr\/?page_id=65"},"modified":"2025-11-04T22:38:54","modified_gmt":"2025-11-04T22:38:54","slug":"ouvrages","status":"publish","type":"page","link":"https:\/\/laurent.di-filippo.fr\/?page_id=65","title":{"rendered":"Ouvrages et livraisons de revue"},"content":{"rendered":"<h1>Directions d&rsquo;ouvrages et livraisons de revue : 11<\/h1>\n<h2><strong><strong><strong>Directions ou co-direction d\u2019ouvrages : 6<br \/>\n<\/strong><\/strong><\/strong><\/h2>\n<p>&nbsp;<\/p>\n<p><a href=\"https:\/\/laurent.di-filippo.fr\/?attachment_id=883\" rel=\"attachment wp-att-883\"><img loading=\"lazy\" decoding=\"async\" class=\"aligncenter size-medium wp-image-883\" src=\"https:\/\/laurent.di-filippo.fr\/wp-content\/uploads\/2024\/11\/9782140484650r-194x300.jpg\" alt=\"\" width=\"194\" height=\"300\" srcset=\"https:\/\/laurent.di-filippo.fr\/wp-content\/uploads\/2024\/11\/9782140484650r-194x300.jpg 194w, https:\/\/laurent.di-filippo.fr\/wp-content\/uploads\/2024\/11\/9782140484650r-661x1024.jpg 661w, https:\/\/laurent.di-filippo.fr\/wp-content\/uploads\/2024\/11\/9782140484650r-768x1189.jpg 768w, https:\/\/laurent.di-filippo.fr\/wp-content\/uploads\/2024\/11\/9782140484650r-992x1536.jpg 992w, https:\/\/laurent.di-filippo.fr\/wp-content\/uploads\/2024\/11\/9782140484650r-1322x2048.jpg 1322w, https:\/\/laurent.di-filippo.fr\/wp-content\/uploads\/2024\/11\/9782140484650r-scaled.jpg 1653w\" sizes=\"auto, (max-width: 194px) 100vw, 194px\" \/><\/a><\/p>\n<p>Di Filippo L., Schmoll L. (dirs), 2024,<a href=\"https:\/\/www.editions-harmattan.fr\/catalogue\/livre\/les-mondes-ludiques\/77473\"> Les Mondes ludiques: constructions et d\u00e9tournements<\/a>, Paris, L&rsquo;Harmattan, \u00ab\u00a0Logiques sociales\u00a0\u00bb.<\/p>\n<p>&nbsp;<\/p>\n<p><a href=\"https:\/\/laurent.di-filippo.fr\/?attachment_id=864\" rel=\"attachment wp-att-864\"><img loading=\"lazy\" decoding=\"async\" class=\"aligncenter size-medium wp-image-864\" src=\"https:\/\/laurent.di-filippo.fr\/wp-content\/uploads\/2023\/11\/9782875623706-199x300.jpg\" alt=\"\" width=\"199\" height=\"300\" srcset=\"https:\/\/laurent.di-filippo.fr\/wp-content\/uploads\/2023\/11\/9782875623706-199x300.jpg 199w, https:\/\/laurent.di-filippo.fr\/wp-content\/uploads\/2023\/11\/9782875623706.jpg 397w\" sizes=\"auto, (max-width: 199px) 100vw, 199px\" \/><\/a>Cayatte R., Tuaillon Dem\u00e9sy A., Di Filippo L. (dirs) (2023), <a href=\"https:\/\/books.openedition.org\/pulg\/25939?lang=fr\"><em>Temporalit\u00e9s et imaginaires du jeu<\/em>,<\/a> Li\u00e8ge, Presses universitaires de Li\u00e8ge.<\/p>\n<p>&nbsp;<\/p>\n<p><a href=\"https:\/\/laurent.di-filippo.fr\/?attachment_id=808\" rel=\"attachment wp-att-808\"><img loading=\"lazy\" decoding=\"async\" class=\"aligncenter size-medium wp-image-808\" src=\"https:\/\/laurent.di-filippo.fr\/wp-content\/uploads\/2022\/10\/vikings_couv-300x300.jpg\" alt=\"\" width=\"300\" height=\"300\" srcset=\"https:\/\/laurent.di-filippo.fr\/wp-content\/uploads\/2022\/10\/vikings_couv-300x300.jpg 300w, https:\/\/laurent.di-filippo.fr\/wp-content\/uploads\/2022\/10\/vikings_couv-150x150.jpg 150w, https:\/\/laurent.di-filippo.fr\/wp-content\/uploads\/2022\/10\/vikings_couv-768x768.jpg 768w, https:\/\/laurent.di-filippo.fr\/wp-content\/uploads\/2022\/10\/vikings_couv.jpg 800w\" sizes=\"auto, (max-width: 300px) 100vw, 300px\" \/><\/a><\/p>\n<p>Di Filippo, L (dir.) (2022), <a href=\"https:\/\/www.moutons-electriques.fr\/vikings\"><em>Vikings !<\/em><\/a>, Bordeaux, Les Moutons \u00e9lectriques.<\/p>\n<p>&nbsp;<\/p>\n<p><a href=\"https:\/\/laurent.di-filippo.fr\/?attachment_id=644\" rel=\"attachment wp-att-644\"><img loading=\"lazy\" decoding=\"async\" class=\"wp-image-644 aligncenter\" src=\"https:\/\/laurent.di-filippo.fr\/wp-content\/uploads\/2012\/12\/PRM_couverture_600_909-198x300.jpg\" alt=\"\" width=\"130\" height=\"197\" srcset=\"https:\/\/laurent.di-filippo.fr\/wp-content\/uploads\/2012\/12\/PRM_couverture_600_909-198x300.jpg 198w, https:\/\/laurent.di-filippo.fr\/wp-content\/uploads\/2012\/12\/PRM_couverture_600_909.jpg 600w\" sizes=\"auto, (max-width: 130px) 100vw, 130px\" \/><\/a>Di Filippo, L., Landais, \u00c9. (dirs.) (2017), <em>Penser les relations entre m\u00e9dias. Dispositifs transm\u00e9diatiques, convergences et constructions des publics\u00a0<\/em>, Strasbourg, N\u00e9oth\u00e8que.<\/p>\n<p>Plus d&rsquo;information et lien vers la version Openaccess : <a href=\"https:\/\/laurent.di-filippo.fr\/downloads\/3447-DiFilippo_Landais-RelEntreM%C3%A9dias.pdf\">https:\/\/laurent.di-filippo.fr\/downloads\/3447-DiFilippo_Landais-RelEntreM%C3%A9dias.pdf<\/a><\/p>\n<p><a href=\"https:\/\/laurent.di-filippo.fr\/?attachment_id=490\" rel=\"attachment wp-att-490\"><img loading=\"lazy\" decoding=\"async\" class=\"wp-image-490 aligncenter\" src=\"https:\/\/laurent.di-filippo.fr\/wp-content\/uploads\/2012\/12\/Sans-titre.png\" alt=\"Sans titre\" width=\"137\" height=\"210\" \/><\/a>Christophe, T. ,\u00a0 Carbou, G., Negrel, N., Di Filippo L. (dirs). (2016) <em>Actualit\u00e9 de la question interdisciplinaire en SIC. Exp\u00e9riences de recherches situ\u00e9es<\/em>. Nancy : PUN &#8211; \u00c9ditions Universitaires de Lorraine. Questions de communications &#8211; S\u00e9rie Actes.<\/p>\n<p>Plus d&rsquo;informations : <a href=\"http:\/\/www.lcdpu.fr\/livre\/?GCOI=27000100557850\">http:\/\/www.lcdpu.fr\/livre\/?GCOI=27000100557850<\/a><\/p>\n<p><a href=\"https:\/\/laurent.di-filippo.fr\/?attachment_id=35\" rel=\"attachment wp-att-35\"><img loading=\"lazy\" decoding=\"async\" class=\"aligncenter wp-image-35\" src=\"https:\/\/laurent.di-filippo.fr\/wp-content\/uploads\/2012\/12\/couv-195x300.gif\" alt=\"\" width=\"130\" height=\"199\" srcset=\"https:\/\/laurent.di-filippo.fr\/wp-content\/uploads\/2012\/12\/couv-195x300.gif 195w, https:\/\/laurent.di-filippo.fr\/wp-content\/uploads\/2012\/12\/couv.gif 310w\" sizes=\"auto, (max-width: 130px) 100vw, 130px\" \/><\/a><\/p>\n<p>Di Filippo, L., Fran\u00e7ois, H. &amp; Michel A. (dirs). (2012). <a href=\"https:\/\/laurent.di-filippo.fr\/?p=34\"><em>La position du doctorant. Trajectoires, engagements, r\u00e9flexivit\u00e9<\/em><\/a>. Nancy : Presses universitaires de Nancy. Questions de communications &#8211; S\u00e9rie Actes.<br \/>\nCommander ce livre : <a href=\"http:\/\/www.lcdpu.fr\/livre\/?GCOI=27000100988210\">http:\/\/www.lcdpu.fr\/livre\/?GCOI=27000100988210<\/a><br \/>\nOn en parle :<\/p>\n<ul>\n<li>Une note de lecture dans la revue Emulations : <a href=\"http:\/\/www.revue-emulations.net\/lectures-critiques\/lecture\/laurentdifilippo\">http:\/\/www.revue-emulations.net\/lectures-critiques\/lecture\/laurentdifilippo<\/a><\/li>\n<li>Sur le carnet <em>Les aspects concrets de la th\u00e8se <\/em>: <a href=\"http:\/\/act.hypotheses.org\/4710\">http:\/\/act.hypotheses.org\/4710<\/a><\/li>\n<li>sur le blog Doctrix : <a href=\"http:\/\/blog.educpros.fr\/doctrix\/2013\/03\/04\/reflexivite-et-doctorat\/\">http:\/\/blog.educpros.fr\/doctrix\/2013\/03\/04\/reflexivite-et-doctorat\/<\/a><\/li>\n<\/ul>\n<p>&nbsp;<\/p>\n<h2><strong>Num\u00e9ros de revues : 5<br \/>\n<\/strong><\/h2>\n<p><a href=\"https:\/\/laurent.di-filippo.fr\/?attachment_id=575\" rel=\"attachment wp-att-575\"><img loading=\"lazy\" decoding=\"async\" class=\"size-medium wp-image-575 aligncenter\" src=\"https:\/\/laurent.di-filippo.fr\/wp-content\/uploads\/2012\/12\/siteon0-300x41.png\" alt=\"\" width=\"300\" height=\"41\" srcset=\"https:\/\/laurent.di-filippo.fr\/wp-content\/uploads\/2012\/12\/siteon0-300x41.png 300w, https:\/\/laurent.di-filippo.fr\/wp-content\/uploads\/2012\/12\/siteon0-768x106.png 768w, https:\/\/laurent.di-filippo.fr\/wp-content\/uploads\/2012\/12\/siteon0-1024x141.png 1024w, https:\/\/laurent.di-filippo.fr\/wp-content\/uploads\/2012\/12\/siteon0.png 1088w\" sizes=\"auto, (max-width: 300px) 100vw, 300px\" \/><\/a><strong>Di Filippo L.<\/strong> (dirs), 2023,\u00a0<em> \u00bf Interrogations ?<\/em> n\u00b0 36 -Les Mythes au XXIe si\u00e8cle. Acc\u00e8s en ligne : <a href=\"http:\/\/www.revue-interrogations.org\/-No-36-Les-Mythes-au-XXIe-siecle-\">http:\/\/www.revue-interrogations.org\/-No-36-Les-Mythes-au-XXIe-siecle-<\/a><\/p>\n<p><a href=\"https:\/\/laurent.di-filippo.fr\/?attachment_id=309\" rel=\"attachment wp-att-309\"><img loading=\"lazy\" decoding=\"async\" class=\"size-medium wp-image-309 aligncenter\" src=\"https:\/\/laurent.di-filippo.fr\/wp-content\/uploads\/2016\/03\/Sans-titre-300x61.png\" alt=\"Sans titre\" width=\"300\" height=\"61\" srcset=\"https:\/\/laurent.di-filippo.fr\/wp-content\/uploads\/2016\/03\/Sans-titre-300x61.png 300w, https:\/\/laurent.di-filippo.fr\/wp-content\/uploads\/2016\/03\/Sans-titre-768x155.png 768w, https:\/\/laurent.di-filippo.fr\/wp-content\/uploads\/2016\/03\/Sans-titre-1024x207.png 1024w, https:\/\/laurent.di-filippo.fr\/wp-content\/uploads\/2016\/03\/Sans-titre.png 1527w\" sizes=\"auto, (max-width: 300px) 100vw, 300px\" \/><\/a>Di Filippo, L (dir.), 2021, <em>Sciences du jeu<\/em> n\u00b0 15 &#8211; Jeux et faits religieux. Acc\u00e8s en ligne : <a href=\"https:\/\/journals.openedition.org\/sdj\/3099\">https:\/\/journals.openedition.org\/sdj\/3099<\/a><\/p>\n<p><a href=\"https:\/\/laurent.di-filippo.fr\/?attachment_id=575\" rel=\"attachment wp-att-575\"><img loading=\"lazy\" decoding=\"async\" class=\"size-medium wp-image-575 aligncenter\" src=\"https:\/\/laurent.di-filippo.fr\/wp-content\/uploads\/2012\/12\/siteon0-300x41.png\" alt=\"\" width=\"300\" height=\"41\" srcset=\"https:\/\/laurent.di-filippo.fr\/wp-content\/uploads\/2012\/12\/siteon0-300x41.png 300w, https:\/\/laurent.di-filippo.fr\/wp-content\/uploads\/2012\/12\/siteon0-768x106.png 768w, https:\/\/laurent.di-filippo.fr\/wp-content\/uploads\/2012\/12\/siteon0-1024x141.png 1024w, https:\/\/laurent.di-filippo.fr\/wp-content\/uploads\/2012\/12\/siteon0.png 1088w\" sizes=\"auto, (max-width: 300px) 100vw, 300px\" \/><\/a>Tuaillon Dem\u00e9sy A., <strong> Di Filippo L.<\/strong> (dirs), 2018,\u00a0<em> \u00bf Interrogations ?<\/em> n\u00b0 26 &#8211; Le m\u00e9di\u00e9valisme. Images et repr\u00e9sentations du Moyen \u00c2ge. Acc\u00e8s en ligne : <a href=\"http:\/\/www.revue-interrogations.org\/-No-26-Le-medievalisme-Images-et-\">http:\/\/www.revue-interrogations.org\/-No-26-Le-medievalisme-Images-et-<\/a><\/p>\n<p><a href=\"https:\/\/laurent.di-filippo.fr\/?attachment_id=575\" rel=\"attachment wp-att-575\"><img loading=\"lazy\" decoding=\"async\" class=\"size-medium wp-image-575 aligncenter\" src=\"https:\/\/laurent.di-filippo.fr\/wp-content\/uploads\/2012\/12\/siteon0-300x41.png\" alt=\"\" width=\"300\" height=\"41\" srcset=\"https:\/\/laurent.di-filippo.fr\/wp-content\/uploads\/2012\/12\/siteon0-300x41.png 300w, https:\/\/laurent.di-filippo.fr\/wp-content\/uploads\/2012\/12\/siteon0-768x106.png 768w, https:\/\/laurent.di-filippo.fr\/wp-content\/uploads\/2012\/12\/siteon0-1024x141.png 1024w, https:\/\/laurent.di-filippo.fr\/wp-content\/uploads\/2012\/12\/siteon0.png 1088w\" sizes=\"auto, (max-width: 300px) 100vw, 300px\" \/><\/a><strong>Di Filippo L.<\/strong>, Tuaillon Dem\u00e9sy A. (dirs), 2016, <a href=\"http:\/\/www.revue-interrogations.org\/-No23-Des-jeux-et-des-mondes-\"><em>\u00bf Interrogations<\/em> ? n\u00b0 23 &#8211; Des jeux et des mondes<\/a>, Acc\u00e8s en ligne : <a href=\"http:\/\/www.revue-interrogations.org\/-No23-Des-jeux-et-des-mondes-\">www.revue-interrogations.org\/-No23-Des-jeux-et-des-mondes-<\/a><\/p>\n<p><a href=\"https:\/\/laurent.di-filippo.fr\/?attachment_id=309\" rel=\"attachment wp-att-309\"><img loading=\"lazy\" decoding=\"async\" class=\"size-medium wp-image-309 aligncenter\" src=\"https:\/\/laurent.di-filippo.fr\/wp-content\/uploads\/2016\/03\/Sans-titre-300x61.png\" alt=\"Sans titre\" width=\"300\" height=\"61\" srcset=\"https:\/\/laurent.di-filippo.fr\/wp-content\/uploads\/2016\/03\/Sans-titre-300x61.png 300w, https:\/\/laurent.di-filippo.fr\/wp-content\/uploads\/2016\/03\/Sans-titre-768x155.png 768w, https:\/\/laurent.di-filippo.fr\/wp-content\/uploads\/2016\/03\/Sans-titre-1024x207.png 1024w, https:\/\/laurent.di-filippo.fr\/wp-content\/uploads\/2016\/03\/Sans-titre.png 1527w\" sizes=\"auto, (max-width: 300px) 100vw, 300px\" \/><\/a>Buzy D.,\u00a0 <strong>Di Filippo L.<\/strong>, Goria S., Th\u00e9venot P. (dirs), (2016), <a href=\"http:\/\/sdj.revues.org\/544\"><em>Sciences du jeu n\u00b05 \u2013 Jeux traditionnels et jeux num\u00e9riques : filiations, croisements, recompositions<\/em>.<\/a> Acc\u00e8s en ligne : <a href=\"http:\/\/sdj.revues.org\/544\">http:\/\/sdj.revues.org\/544<\/a><\/p>\n<p>&nbsp;<\/p>\n<p>&nbsp;<\/p>\n","protected":false},"excerpt":{"rendered":"<p>Directions d&rsquo;ouvrages et livraisons de revue : 11 Directions ou co-direction d\u2019ouvrages : 6 &nbsp; Di Filippo L., Schmoll L. (dirs), 2024, Les Mondes ludiques: constructions et d\u00e9tournements, Paris, L&rsquo;Harmattan, \u00ab\u00a0Logiques sociales\u00a0\u00bb. &nbsp; Cayatte R., Tuaillon Dem\u00e9sy A., Di Filippo L. (dirs) (2023), Temporalit\u00e9s et imaginaires du jeu, Li\u00e8ge, Presses universitaires de Li\u00e8ge. &nbsp; Di &hellip; <a href=\"https:\/\/laurent.di-filippo.fr\/?page_id=65\" class=\"more-link\">Continuer la lecture de <span class=\"screen-reader-text\">Ouvrages et livraisons de revue<\/span>  <span class=\"meta-nav\">&rarr;<\/span><\/a><\/p>\n","protected":false},"author":1,"featured_media":0,"parent":0,"menu_order":0,"comment_status":"closed","ping_status":"open","template":"","meta":{"footnotes":""},"class_list":["post-65","page","type-page","status-publish","hentry"],"_links":{"self":[{"href":"https:\/\/laurent.di-filippo.fr\/index.php?rest_route=\/wp\/v2\/pages\/65","targetHints":{"allow":["GET"]}}],"collection":[{"href":"https:\/\/laurent.di-filippo.fr\/index.php?rest_route=\/wp\/v2\/pages"}],"about":[{"href":"https:\/\/laurent.di-filippo.fr\/index.php?rest_route=\/wp\/v2\/types\/page"}],"author":[{"embeddable":true,"href":"https:\/\/laurent.di-filippo.fr\/index.php?rest_route=\/wp\/v2\/users\/1"}],"replies":[{"embeddable":true,"href":"https:\/\/laurent.di-filippo.fr\/index.php?rest_route=%2Fwp%2Fv2%2Fcomments&post=65"}],"version-history":[{"count":43,"href":"https:\/\/laurent.di-filippo.fr\/index.php?rest_route=\/wp\/v2\/pages\/65\/revisions"}],"predecessor-version":[{"id":897,"href":"https:\/\/laurent.di-filippo.fr\/index.php?rest_route=\/wp\/v2\/pages\/65\/revisions\/897"}],"wp:attachment":[{"href":"https:\/\/laurent.di-filippo.fr\/index.php?rest_route=%2Fwp%2Fv2%2Fmedia&parent=65"}],"curies":[{"name":"wp","href":"https:\/\/api.w.org\/{rel}","templated":true}]}}