{"id":445,"date":"2016-05-26T09:08:31","date_gmt":"2016-05-26T09:08:31","guid":{"rendered":"http:\/\/laurent.di-filippo.fr\/?page_id=445"},"modified":"2024-10-19T08:09:00","modified_gmt":"2024-10-19T08:09:00","slug":"annexe-ii-31-reponse-dune-joueuse","status":"publish","type":"page","link":"https:\/\/laurent.di-filippo.fr\/?page_id=445","title":{"rendered":"Annexe II.31 \u2013 R\u00e9ponse d&rsquo;une joueuse"},"content":{"rendered":"<p>Source : discussion sur le forum de la guilde Arkenstone<\/p>\n<blockquote><p>\u00ab\u00a0Le screenshot a \u00e9t\u00e9 pris dans une zone de ressources, les plaines de Lasheisch et illustre la pr\u00e9sence de certains arbres <i>significatifs<\/i> dans l&rsquo;univers d&rsquo;Aoc.<br \/>\nIci nous avons une esp\u00e8ce d&rsquo;If mod\u00e9lis\u00e9 de fa\u00e7on assez&#8230;atypique, dirons nous. Mais c&rsquo;est bel et bien un if !<\/p><\/blockquote>\n<blockquote><p>Le rapport avec la mythologie nordique s&rsquo;\u00e9tablit quand on sait que le bois y rev\u00eat une place importante de m\u00eame que certaines esp\u00e8ces d&rsquo;arbres, identiques pour la plupart a celles qui ont \u00e9t\u00e9 implant\u00e9es par les concepteurs du jeu.<\/p><\/blockquote>\n<blockquote><p>Commen\u00e7ons avec le fr\u00eane et l&rsquo;orme. Respectivement ressources pve T1 et pvp T2.<br \/>\nLa mythologie nordique nous conte \u00e0 propos de ces esp\u00e8ces qu&rsquo;elles furent utilis\u00e9es par Odin lui m\u00eame pour y sculpter le premier homme, Ask et la premi\u00e8re femme, Emba.<br \/>\nAu gr\u00e9 de mes recherches sur le net, j&rsquo;ai constat\u00e9 qu&rsquo;il y avait une petite divergence de la part des sp\u00e9cialistes : Certains pr\u00e9tendent que la femme aurait \u00e9t\u00e9 fa\u00e7onn\u00e9e non pas de l&rsquo;orme mais du bouleau. Cet arbre est \u00e9galement une ressource exploitable pvp T1.<\/p><\/blockquote>\n<blockquote><p>\n<i>Apr\u00e9s qu&rsquo;Odin et ses fr\u00e9res, Ve et Vili, aient cr\u00e9e l&rsquo;Univers et les Neuf Mondes, ils march\u00e9rent sur la plage trouvant deux rondins de bois \u00e9chou\u00e9s.<\/i><\/p><\/blockquote>\n<blockquote><p><i>Ils les sculpt\u00e9rent alors sous une forme humano\u00efde.<br \/>\nOdin leur insuffla l&rsquo;esprit de vie, Vili leur donna l&rsquo;intelligence, le coeur et les sentiments<br \/>\ntandis que Ve leur accorda les sens, les expressions et la parole. Plus tard, les fr\u00e9res leur confectionn\u00e9rent des habits et des noms.<\/i><\/p><\/blockquote>\n<blockquote><p><i>L&rsquo;homme fut nomm\u00e9 Ask (fr\u00e9ne) et la femme Embla (Orme ou Aulne).<br \/>\nIls devinrent les g\u00e9niteurs de la race humaine et Midgard leur fut donn\u00e9 comme r\u00e9sidence.<\/i><\/p><\/blockquote>\n<blockquote><p>Mais l&rsquo;un des symboles forts de la mythologie des pays scandinaves demeure \u00e0 mon sens le fameux Yggdrasil, l&rsquo;axis mundi de sa cosmogonie. D\u00e9peint ordinairement comme un fr\u00eane colossal, il d\u00e9sormais admis qu&rsquo;il s&rsquo;agisse plus probablement d&rsquo;un if, arbre sacr\u00e9 dans les traditions nordiques dont la v\u00e9n\u00e9ration aurait \u00e9t\u00e9 reprise par le christianisme. ( Le sapin de No\u00ebl )<\/p><\/blockquote>\n<blockquote><p>L&rsquo;if est une ressource T2 dans le monde d&rsquo;Aoc.<\/p><\/blockquote>\n<blockquote><p>Demeure le Ch\u00eane, ressource pve de tiers 3 qui bien que poss\u00e9dant une forte charge symbolique en raison de sa robustesse et de sa pr\u00e9tendue long\u00e9vit\u00e9, apparait comme ayant \u00e9t\u00e9 plus embl\u00e9matique dans la mythologie romaine que chez les peuplades du nord. Cependant, il n&rsquo;en demeure pas moins associ\u00e9 au dieu Thor et \u00e0 son culte. Une l\u00e9gende met en sc\u00e8ne Saint Boniface abattant le fameux ch\u00eane de Thor a Geismar pour symboliser l&rsquo;av\u00e8nement du christianisme au d\u00e9triment du paganisme.\u00a0\u00bb<\/p><\/blockquote>\n","protected":false},"excerpt":{"rendered":"<p>Source : discussion sur le forum de la guilde Arkenstone \u00ab\u00a0Le screenshot a \u00e9t\u00e9 pris dans une zone de ressources, les plaines de Lasheisch et illustre la pr\u00e9sence de certains arbres significatifs dans l&rsquo;univers d&rsquo;Aoc. Ici nous avons une esp\u00e8ce d&rsquo;If mod\u00e9lis\u00e9 de fa\u00e7on assez&#8230;atypique, dirons nous. Mais c&rsquo;est bel et bien un if ! &hellip; <a href=\"https:\/\/laurent.di-filippo.fr\/?page_id=445\" class=\"more-link\">Continuer la lecture de <span class=\"screen-reader-text\">Annexe II.31 \u2013 R\u00e9ponse d&rsquo;une joueuse<\/span>  <span class=\"meta-nav\">&rarr;<\/span><\/a><\/p>\n","protected":false},"author":1,"featured_media":0,"parent":0,"menu_order":0,"comment_status":"closed","ping_status":"closed","template":"","meta":{"footnotes":""},"class_list":["post-445","page","type-page","status-publish","hentry"],"_links":{"self":[{"href":"https:\/\/laurent.di-filippo.fr\/index.php?rest_route=\/wp\/v2\/pages\/445","targetHints":{"allow":["GET"]}}],"collection":[{"href":"https:\/\/laurent.di-filippo.fr\/index.php?rest_route=\/wp\/v2\/pages"}],"about":[{"href":"https:\/\/laurent.di-filippo.fr\/index.php?rest_route=\/wp\/v2\/types\/page"}],"author":[{"embeddable":true,"href":"https:\/\/laurent.di-filippo.fr\/index.php?rest_route=\/wp\/v2\/users\/1"}],"replies":[{"embeddable":true,"href":"https:\/\/laurent.di-filippo.fr\/index.php?rest_route=%2Fwp%2Fv2%2Fcomments&post=445"}],"version-history":[{"count":1,"href":"https:\/\/laurent.di-filippo.fr\/index.php?rest_route=\/wp\/v2\/pages\/445\/revisions"}],"predecessor-version":[{"id":446,"href":"https:\/\/laurent.di-filippo.fr\/index.php?rest_route=\/wp\/v2\/pages\/445\/revisions\/446"}],"wp:attachment":[{"href":"https:\/\/laurent.di-filippo.fr\/index.php?rest_route=%2Fwp%2Fv2%2Fmedia&parent=445"}],"curies":[{"name":"wp","href":"https:\/\/api.w.org\/{rel}","templated":true}]}}