{"id":430,"date":"2016-05-26T08:27:26","date_gmt":"2016-05-26T08:27:26","guid":{"rendered":"http:\/\/laurent.di-filippo.fr\/?page_id=430"},"modified":"2024-10-19T08:09:00","modified_gmt":"2024-10-19T08:09:00","slug":"annexe-ii-26-passe-dymir-le-guide-du-routard","status":"publish","type":"page","link":"https:\/\/laurent.di-filippo.fr\/?page_id=430","title":{"rendered":"Annexe II.26 \u2013 Passe d&rsquo;Ymir: Le guide du routard"},"content":{"rendered":"<p class=\"sdfootnote\">Source : <a href=\"http:\/\/community-fr.ageofconan.com\/wsp\/conan_fr\/frontend.cgi?func=publish.show&amp;table=CONTENT&amp;func_id=2321\">http:\/\/community-fr.ageofconan.com\/wsp\/conan_fr\/frontend.cgi?func=publish.show&amp;table=CONTENT&amp;func_id=2321<\/a>, consult\u00e9 le 21\/04\/2010.<\/p>\n<p><strong>La Passe d&rsquo;Ymir propose des heures et des heures de nouvelles aventures dans l&rsquo;univers d&rsquo;Age of Conan. D\u00e9couvrons ensemble certaines des nouvelles zones que vous explorerez, des personnages que vous croiserez et des qu\u00eates que vous accomplirez dans ce petit guide de la Passe d&rsquo;Ymir.<\/strong><\/p>\n<p align=\"CENTER\"><em>\u00ab\u00a0C&rsquo;\u00e9tait une terre lugubre, qui semblait retenir<br \/>\nTous les vents, nuages et songes qui fuient la lumi\u00e8re,<br \/>\nLes rameaux d\u00e9nud\u00e9s fr\u00e9missaient aux souffles esseul\u00e9s,<br \/>\nEt de sombres bois estompaient l&rsquo;ensemble,<br \/>\nPas m\u00eame \u00e9gay\u00e9s par les rares rayons affaiblis<br \/>\nqui faisaient des hommes des ombres ramass\u00e9es ;<br \/>\nIls l&rsquo;appelaient Cimm\u00e9ria, pays d&rsquo;obscurit\u00e9 et de nuits \u00e9paisses.\u00a0\u00bb<br \/>\nCimm\u00e9ria, Robert E. Howard<\/em><\/p>\n<p><strong>Atteindre la Passe d&rsquo;Ymir<\/strong><\/p>\n<p>Si vous souhaitez vous rendre en Cimm\u00e9ria depuis les Royaumes du Sud, la route la plus courte traverse la Passe d&rsquo;Ymir. Ce p\u00e9riple vous permettra de d\u00e9couvrir les beaut\u00e9s glaciales des contr\u00e9es nordiques, de leurs pics h\u00e9riss\u00e9s, couronn\u00e9s de neiges \u00e9ternelles qui dominent les plaines enneig\u00e9es menant aux vall\u00e9es rocailleuses du sud. Une fois les montagnes travers\u00e9es, vous descendrez vers les marches montagneuses des Royaumes Frontaliers et les plaines n\u00e9m\u00e9diennes au-del\u00e0.<\/p>\n<p>Mais les voyageurs doivent se m\u00e9fier. La paix ne r\u00e8gne pas dans la Passe d&rsquo;Ymir, loin s&rsquo;en faut, et le vent qui balaie les montagnes et vient hurler dans les plaines en contrebas apporte dans son sillage la puanteur de la mort et de la guerre. Atzel, roi autoproclam\u00e9 des voleurs, tomb\u00e9 sous les coups de Conan, a \u00e9t\u00e9 ramen\u00e9 \u00e0 la vie par les mal\u00e9fices de Thoth-Amon. En retour, il aide le sorcier \u00e0 mettre en \u0153uvre ses plans diaboliques.<\/p>\n<p>Et il semblerait que ces plans commencent \u00e0 porter leurs fruits putrides&#8230;<\/p>\n<p><strong>Le clan Maugh<\/strong><\/p>\n<p>Les hommes d&rsquo;Atzel se sont install\u00e9s dans la Passe d&rsquo;Ymir sur les terres du clan Maugh, un groupe de Cimm\u00e9riens qui s&rsquo;est \u00e9tabli dans la r\u00e9gion. Le clan fait ch\u00e8rement payer \u00e0 ses ennemis leurs incursions, mais le sang vers\u00e9 n&rsquo;a que peu de valeur aux yeux d&rsquo;un mort-vivant comme Atzel ou d&rsquo;un sorcier comme Toth-Amon&#8230; Le chef du clan Maugh, Caden, a d\u00e9cr\u00e9t\u00e9 que son peuple ne c\u00e9derait plus un seul pouce de terrain : il reprendra le contr\u00f4le de la terre de ses anc\u00eatres ou mourra en essayant d&rsquo;y parvenir.<\/p>\n<p>Mais Caden a d&rsquo;autres soucis. Sa fille ch\u00e9rie, l&rsquo;ent\u00eat\u00e9e Ula, a disparu lors d&rsquo;une attaque et il n&rsquo;ose pas demander \u00e0 l&rsquo;un des membres de son clan de risquer sa vie pour aller la chercher en territoire ennemi.<\/p>\n<p><strong>La bataille de la Porte du Givre<\/strong><\/p>\n<p>Plus au nord, les hommes d&rsquo;Atzel ont affront\u00e9 une troupe d&rsquo;A\u00e9sirs itin\u00e9rants. Cette r\u00e9gion connue sous le nom de Porte du Givre a \u00e9t\u00e9 le th\u00e9\u00e2tre d&rsquo;une grande bataille qui s&rsquo;est sold\u00e9e par de lourdes pertes pour les deux camps. Nul ne sait ce qu&rsquo;il est advenu des A\u00e9sirs. S&rsquo;ils sont encore vivants, leur sort reste incertain car ils se trouvent au c\u0153ur du territoire ennemi et leurs relations avec les tribus cim\u00e9riennes locales sont pour le moins tendues. Quoi qu&rsquo;il en soit, les cadavres de leurs compatriotes tomb\u00e9s au combat g\u00e8lent sous la neige du champ de bataille.<\/p>\n<p>Les voyageurs qui traversent cette contr\u00e9e frissonnent en pensant \u00e0 la l\u00e9gende d&rsquo;Atali, la fille du G\u00e9ant du Givre. Il se murmure qu&rsquo;elle parcourt les champs de bataille, la peau d&rsquo;ivoire de son corps nu luisant parmi les morts. Elle attire les hommes dans des vall\u00e9es isol\u00e9es afin qu&rsquo;ils soient mis \u00e0 mort par ses fr\u00e8res, les g\u00e9ants du givre, et que leurs c\u0153urs soient d\u00e9pos\u00e9s encore fumants sur l\u2019autel \u00e0 la gloire d&rsquo;Ymir.<\/p>\n<p><strong>Les Rois fant\u00f4mes<\/strong><\/p>\n<p>Les marais fuligineux du sud de la r\u00e9gion, \u00e9vit\u00e9s de longue date par les autochtones \u00e0 cause de leur r\u00e9putation malsaine, rec\u00e8lent un mal ancien qui s&rsquo;est r\u00e9cemment \u00e9veill\u00e9 d&rsquo;un long sommeil. Des fant\u00f4mes \u00e0 la t\u00eate couronn\u00e9e des diad\u00e8mes de l&rsquo;antique Ach\u00e9ron parcourent la contr\u00e9e. Les habitants de la fange fuient sur leur passage, et les d\u00e9mons des marais, habituellement craintifs, quittent leurs chers foyers boueux.<\/p>\n<p>D&rsquo;o\u00f9 viennent ces rois de l&rsquo;Ach\u00e9ron ? La r\u00e9ponse se trouve dans les ruines \u00e0 l&rsquo;est.<\/p>\n<p><strong>Les ruines de Karutonia<\/strong><\/p>\n<p>Les ruines qui dominent le sud-est de la r\u00e9gion sont celles de l&rsquo;antique Karutonia, autrefois la ville la plus au nord de l&rsquo;Ach\u00e9ron. Karutonia \u00e9tait une immense cit\u00e9 gouvern\u00e9e par trois rois, b\u00e2tie pour tenir la fronti\u00e8re face aux hordes barbares du nord. Des milliers d&rsquo;esclaves \u00e9taient sacrifi\u00e9s chaque jour dans son gigantesque amphith\u00e9\u00e2tre.<\/p>\n<p>Mais les hordes barbares finirent par prendre la cit\u00e9 et la raser enti\u00e8rement, ce qui marqua le d\u00e9but de la chute de l&#8217;empire ach\u00e9ronien. Aujourd&rsquo;hui, les ruines pullulent de mages du Cercle Noir et de leurs alli\u00e9s, \u00e0 la recherche des reliques de l&rsquo;Ach\u00e9ron. D&rsquo;aucuns affirment qu&rsquo;ils ont trouv\u00e9 un acc\u00e8s \u00e0 l&rsquo;Amphith\u00e9\u00e2tre de Karutonia et qu&rsquo;ils y exploitent le sombre h\u00e9ritage des innombrables sacrifices qui s&rsquo;y sont d\u00e9roul\u00e9s.<\/p>\n<p><strong>L&rsquo;Amphith\u00e9\u00e2tre de Karutonia<\/strong><\/p>\n<p>L&rsquo;Amphith\u00e9\u00e2tre, site antique de sacrifices indicibles, est aujourd&rsquo;hui le point central des mal\u00e9fices qui assombrissent la Passe d&rsquo;Ymir. Les membres du Cercle Noir vont et viennent librement et certains des plus puissants alli\u00e9s de Thoth-Amon se terrent au plus profond de l&rsquo;Amphith\u00e9\u00e2tre.<\/p>\n<p>Le Ma\u00eetre des Dimensions y a \u00e9lu r\u00e9sidence. D&rsquo;un geste de la main, il peut \u00e9voquer une arm\u00e9e compl\u00e8te depuis les profondeurs du n\u00e9ant. Ses cr\u00e9ations sont aussi d\u00e9vou\u00e9es qu&rsquo;incroyablement mortelles.<br \/>\nLe Gardien abyssal emprisonne les esprits qu&rsquo;il \u00e9voque des t\u00e9n\u00e8bres. Il transforme en esclaves les \u00e2mes des animaux morts dans l&rsquo;amphith\u00e9\u00e2tre et les entra\u00eene \u00e0 ob\u00e9ir \u00e0 ses moindres d\u00e9sirs.<br \/>\nEt au c\u0153ur de sa caverne ardente se trouve le d\u00e9mon connu sous le nom de D\u00e9voreur. Ce sont ses pouvoirs qui ont encha\u00een\u00e9 le P\u00e8re du Givre, fils a\u00een\u00e9 d&rsquo;Ymir. Et tant que le fils d&rsquo;Ymir sera son prisonnier, l&rsquo;avenir de la Passe et de ses habitants restera incertain.<\/p>\n","protected":false},"excerpt":{"rendered":"<p>Source : http:\/\/community-fr.ageofconan.com\/wsp\/conan_fr\/frontend.cgi?func=publish.show&amp;table=CONTENT&amp;func_id=2321, consult\u00e9 le 21\/04\/2010. La Passe d&rsquo;Ymir propose des heures et des heures de nouvelles aventures dans l&rsquo;univers d&rsquo;Age of Conan. D\u00e9couvrons ensemble certaines des nouvelles zones que vous explorerez, des personnages que vous croiserez et des qu\u00eates que vous accomplirez dans ce petit guide de la Passe d&rsquo;Ymir. \u00ab\u00a0C&rsquo;\u00e9tait une terre lugubre, &hellip; <a href=\"https:\/\/laurent.di-filippo.fr\/?page_id=430\" class=\"more-link\">Continuer la lecture de <span class=\"screen-reader-text\">Annexe II.26 \u2013 Passe d&rsquo;Ymir: Le guide du routard<\/span>  <span class=\"meta-nav\">&rarr;<\/span><\/a><\/p>\n","protected":false},"author":1,"featured_media":0,"parent":0,"menu_order":0,"comment_status":"closed","ping_status":"closed","template":"","meta":{"footnotes":""},"class_list":["post-430","page","type-page","status-publish","hentry"],"_links":{"self":[{"href":"https:\/\/laurent.di-filippo.fr\/index.php?rest_route=\/wp\/v2\/pages\/430","targetHints":{"allow":["GET"]}}],"collection":[{"href":"https:\/\/laurent.di-filippo.fr\/index.php?rest_route=\/wp\/v2\/pages"}],"about":[{"href":"https:\/\/laurent.di-filippo.fr\/index.php?rest_route=\/wp\/v2\/types\/page"}],"author":[{"embeddable":true,"href":"https:\/\/laurent.di-filippo.fr\/index.php?rest_route=\/wp\/v2\/users\/1"}],"replies":[{"embeddable":true,"href":"https:\/\/laurent.di-filippo.fr\/index.php?rest_route=%2Fwp%2Fv2%2Fcomments&post=430"}],"version-history":[{"count":2,"href":"https:\/\/laurent.di-filippo.fr\/index.php?rest_route=\/wp\/v2\/pages\/430\/revisions"}],"predecessor-version":[{"id":432,"href":"https:\/\/laurent.di-filippo.fr\/index.php?rest_route=\/wp\/v2\/pages\/430\/revisions\/432"}],"wp:attachment":[{"href":"https:\/\/laurent.di-filippo.fr\/index.php?rest_route=%2Fwp%2Fv2%2Fmedia&parent=430"}],"curies":[{"name":"wp","href":"https:\/\/api.w.org\/{rel}","templated":true}]}}