{"id":424,"date":"2016-05-26T08:21:41","date_gmt":"2016-05-26T08:21:41","guid":{"rendered":"http:\/\/laurent.di-filippo.fr\/?page_id=424"},"modified":"2024-10-19T08:08:43","modified_gmt":"2024-10-19T08:08:43","slug":"424-2","status":"publish","type":"page","link":"https:\/\/laurent.di-filippo.fr\/?page_id=424","title":{"rendered":"Annexe II.24 &#8211; Les Vanir description compl\u00e8te"},"content":{"rendered":"<p>Source :\u00a0 <span lang=\"fr-FR\"><i>Age Of Conan : Hyborian Adventures<\/i><\/span><\/p>\n<p><span lang=\"fr-FR\">Acc\u00e8s : <\/span><a href=\"http:\/\/community-fr.ageofconan.com\/wsp\/conan_fr\/frontend.cgi?func=publish.show&amp;template=content&amp;func_id=1415&amp;sort=PRIORITY,RELTIME%20desc&amp;table=CONTENT\">http:\/\/community-fr.ageofconan.com\/wsp\/conan_fr\/frontend.cgi?func=publish.show&amp;template=content&amp;func_id=1415&amp;sort=PRIORITY,RELTIME%20desc&amp;table=CONTENT<\/a><span lang=\"fr-FR\">, consult\u00e9 le 21\/04\/2010.<\/span><\/p>\n<blockquote><p><span lang=\"fr-FR\">\u00ab\u00a0<\/span><span lang=\"fr-FR\">N\u00e9s d&rsquo;une robuste race du nord dans la terre connue sous le nom de Vanaheim, les Vanirs partagent avec les Cimm\u00e9riens des points communs : les deux peuples sont consid\u00e9r\u00e9s comme barbares par la plupart des autres nations et ont une existence tribale o\u00f9 seuls presque tous les hommes sont entra\u00een\u00e9s pour faire la guerre et la chasse.<\/span><\/p><\/blockquote>\n<blockquote lang=\"fr-FR\"><p>Les Vanirs diff\u00e8rent de leurs voisins Cimm\u00e9riens au sud dans le fait que ce sont de vicieux pillards qui attaquent pour piller, r\u00e9duire en esclavage et parfois, tout simplement, pour s&rsquo;amuser.<\/p><\/blockquote>\n<blockquote lang=\"fr-FR\"><p>Actuellement les Vanirs sont entrain de d\u00e9ferler au sud \u00e0 travers les fronti\u00e8res montagneuses, repoussant les d\u00e9fenseurs Cimm\u00e9riens et prenant les t\u00eates des guerriers qui s&rsquo;opposent \u00e0 eux. Contrairement \u00e0 la guerre d&rsquo;escarmouche habituelle des Vanirs, ces attaques ressemblent non pas \u00e0 un long raid de pillage mais plut\u00f4t \u00e0 une guerre de conqu\u00eate. Dans cette guerre \u00e2pre, les hommes du nord sont men\u00e9s par les commandants Ymirish, peuple au cheveux blancs descendant les g\u00e9ants du froid, poss\u00e8dent une myst\u00e9rieuse autorit\u00e9 sur les envahisseurs Vanirs.<\/p><\/blockquote>\n<blockquote><p><span lang=\"fr-FR\">Le Vanaheim est une terre de toundra et de vents glacials recouverte par la neige. Durant ces derniers temps annon\u00e7ant la fin de l&rsquo;Age Hyborien, elle est une des premi\u00e8res nations dont le destin est de mourir par la chute des glaciers avec l&rsquo;engloutissement dans la mer. Ce destin n&rsquo;est cependant pas proche. Le guerriers Vanirs attaquent le sud avec une violence gratuite. Les berserkers du Nordheim fondent sur les habitants du coin, tuant les guerriers Cimm\u00e9riens \u00e9parpill\u00e9s et d\u00e9sorganis\u00e9s, violant leurs femmes et r\u00e9duisant leurs enfants en esclavage.\u00a0\u00bb<\/span><sup><span lang=\"fr-FR\"><a class=\"sdfootnoteanc\" href=\"#sdfootnote1sym\" name=\"sdfootnote1anc\"><\/a><\/span><\/sup><\/p>\n<p class=\"sdfootnote\"><a class=\"sdfootnotesym\" href=\"#sdfootnote1anc\" name=\"sdfootnote1sym\"><\/a><\/p>\n<\/blockquote>\n","protected":false},"excerpt":{"rendered":"<p>Source :\u00a0 Age Of Conan : Hyborian Adventures Acc\u00e8s : http:\/\/community-fr.ageofconan.com\/wsp\/conan_fr\/frontend.cgi?func=publish.show&amp;template=content&amp;func_id=1415&amp;sort=PRIORITY,RELTIME%20desc&amp;table=CONTENT, consult\u00e9 le 21\/04\/2010. \u00ab\u00a0N\u00e9s d&rsquo;une robuste race du nord dans la terre connue sous le nom de Vanaheim, les Vanirs partagent avec les Cimm\u00e9riens des points communs : les deux peuples sont consid\u00e9r\u00e9s comme barbares par la plupart des autres nations et ont une &hellip; <a href=\"https:\/\/laurent.di-filippo.fr\/?page_id=424\" class=\"more-link\">Continuer la lecture de <span class=\"screen-reader-text\">Annexe II.24 &#8211; Les Vanir description compl\u00e8te<\/span>  <span class=\"meta-nav\">&rarr;<\/span><\/a><\/p>\n","protected":false},"author":1,"featured_media":0,"parent":0,"menu_order":0,"comment_status":"closed","ping_status":"closed","template":"","meta":{"footnotes":""},"class_list":["post-424","page","type-page","status-publish","hentry"],"_links":{"self":[{"href":"https:\/\/laurent.di-filippo.fr\/index.php?rest_route=\/wp\/v2\/pages\/424","targetHints":{"allow":["GET"]}}],"collection":[{"href":"https:\/\/laurent.di-filippo.fr\/index.php?rest_route=\/wp\/v2\/pages"}],"about":[{"href":"https:\/\/laurent.di-filippo.fr\/index.php?rest_route=\/wp\/v2\/types\/page"}],"author":[{"embeddable":true,"href":"https:\/\/laurent.di-filippo.fr\/index.php?rest_route=\/wp\/v2\/users\/1"}],"replies":[{"embeddable":true,"href":"https:\/\/laurent.di-filippo.fr\/index.php?rest_route=%2Fwp%2Fv2%2Fcomments&post=424"}],"version-history":[{"count":4,"href":"https:\/\/laurent.di-filippo.fr\/index.php?rest_route=\/wp\/v2\/pages\/424\/revisions"}],"predecessor-version":[{"id":549,"href":"https:\/\/laurent.di-filippo.fr\/index.php?rest_route=\/wp\/v2\/pages\/424\/revisions\/549"}],"wp:attachment":[{"href":"https:\/\/laurent.di-filippo.fr\/index.php?rest_route=%2Fwp%2Fv2%2Fmedia&parent=424"}],"curies":[{"name":"wp","href":"https:\/\/api.w.org\/{rel}","templated":true}]}}