{"id":421,"date":"2016-05-26T08:16:51","date_gmt":"2016-05-26T08:16:51","guid":{"rendered":"http:\/\/laurent.di-filippo.fr\/?page_id=421"},"modified":"2024-10-19T08:08:43","modified_gmt":"2024-10-19T08:08:43","slug":"annexe-ii-23-description-des-4-cultures","status":"publish","type":"page","link":"https:\/\/laurent.di-filippo.fr\/?page_id=421","title":{"rendered":"Annexe II.23 \u2013 Descriptions des 4 cultures"},"content":{"rendered":"<p lang=\"fr-FR\">Source : <i>Age of Conan : Hyborian Adventures<\/i><\/p>\n<p lang=\"fr-FR\">Phase de cr\u00e9ation de personnage.<\/p>\n<h4 lang=\"fr-FR\">Cimm\u00e9riens<\/h4>\n<p>\u00ab\u00a0Les cimm\u00e9riens sont un peuple de barbares du Nord \u00e0 la peau claire et aux cheveux sombres. Ils sont r\u00e9put\u00e9s pour leur force, leur go\u00fbt du combat et leur sens de l&rsquo;honneur. Ils v\u00e9n\u00e8rent le sinistre Crom. La cimm\u00e9ria est la terre natale du roi Conan<\/p>\n<p lang=\"fr-FR\">Les cimm\u00e9riens se m\u00e9fient de la magie. Ils ne peuvent pas devenir sorcier.\u00a0\u00bb<\/p>\n<h4 lang=\"fr-FR\">Aquiloniens<\/h4>\n<p>\u00ab\u00a0Les Aquiloniens pr\u00e9tendent constituer la nation la plus puissante et la plus \u00e9volu\u00e9e de toute l&rsquo;Hyboria. Ils v\u00e9n\u00e8rent principalement le dieu Mitra. Conan, bien que Cimm\u00e9rien, est assis sur le tr\u00f4ne d&rsquo;Aquilonia \u00e0 Tarantia.<\/p>\n<p>Les Aquiloniens ne peuvent pas devenir sorciers.\u00a0\u00bb<\/p>\n<h4>Stygiens<\/h4>\n<p>\u00ab\u00a0Les Stygiens ont la peau sombre et la finesse de leurs traits t\u00e9moigne de leur noblesse. Ils viennent des d\u00e9serts du sud, gouvern\u00e9s par les pr\u00eatres de Set, le sombre dieu serpent. La stygia est le berceau de nombreux pr\u00eatres et sorciers.<\/p>\n<p>Les Stygiens ne peuvent pas devenir soldats.\u00a0\u00bb<\/p>\n<h4>Khitans<\/h4>\n<p lang=\"fr-FR\">\u00ab\u00a0Les Khitans sont minces et ont une peau parchemin\u00e9s au teint jaun\u00e2tre. Leurs traits sont taill\u00e9s \u00e0 la serpe. Le Khita\u00ef est l&rsquo;un des rares pays dans lesquels la sorcellerie n&rsquo;est pas interdite et ceux qui la pratiquent sont souvent tenus en haute estime par les Khitans. Leur culture est profond\u00e9ment insulaire. Conqu\u00e9rir les autres nations ne les a jamais int\u00e9ress\u00e9s et ils rejettent la barbarie de leurs voisins hyrkaniens.\u00a0\u00bb<\/p>\n","protected":false},"excerpt":{"rendered":"<p>Source : Age of Conan : Hyborian Adventures Phase de cr\u00e9ation de personnage. Cimm\u00e9riens \u00ab\u00a0Les cimm\u00e9riens sont un peuple de barbares du Nord \u00e0 la peau claire et aux cheveux sombres. Ils sont r\u00e9put\u00e9s pour leur force, leur go\u00fbt du combat et leur sens de l&rsquo;honneur. Ils v\u00e9n\u00e8rent le sinistre Crom. La cimm\u00e9ria est la &hellip; <a href=\"https:\/\/laurent.di-filippo.fr\/?page_id=421\" class=\"more-link\">Continuer la lecture de <span class=\"screen-reader-text\">Annexe II.23 \u2013 Descriptions des 4 cultures<\/span>  <span class=\"meta-nav\">&rarr;<\/span><\/a><\/p>\n","protected":false},"author":1,"featured_media":0,"parent":0,"menu_order":0,"comment_status":"closed","ping_status":"closed","template":"","meta":{"footnotes":""},"class_list":["post-421","page","type-page","status-publish","hentry"],"_links":{"self":[{"href":"https:\/\/laurent.di-filippo.fr\/index.php?rest_route=\/wp\/v2\/pages\/421","targetHints":{"allow":["GET"]}}],"collection":[{"href":"https:\/\/laurent.di-filippo.fr\/index.php?rest_route=\/wp\/v2\/pages"}],"about":[{"href":"https:\/\/laurent.di-filippo.fr\/index.php?rest_route=\/wp\/v2\/types\/page"}],"author":[{"embeddable":true,"href":"https:\/\/laurent.di-filippo.fr\/index.php?rest_route=\/wp\/v2\/users\/1"}],"replies":[{"embeddable":true,"href":"https:\/\/laurent.di-filippo.fr\/index.php?rest_route=%2Fwp%2Fv2%2Fcomments&post=421"}],"version-history":[{"count":2,"href":"https:\/\/laurent.di-filippo.fr\/index.php?rest_route=\/wp\/v2\/pages\/421\/revisions"}],"predecessor-version":[{"id":423,"href":"https:\/\/laurent.di-filippo.fr\/index.php?rest_route=\/wp\/v2\/pages\/421\/revisions\/423"}],"wp:attachment":[{"href":"https:\/\/laurent.di-filippo.fr\/index.php?rest_route=%2Fwp%2Fv2%2Fmedia&parent=421"}],"curies":[{"name":"wp","href":"https:\/\/api.w.org\/{rel}","templated":true}]}}