{"id":344,"date":"2016-05-25T12:46:18","date_gmt":"2016-05-25T12:46:18","guid":{"rendered":"http:\/\/laurent.di-filippo.fr\/?page_id=344"},"modified":"2024-10-19T08:09:00","modified_gmt":"2024-10-19T08:09:00","slug":"annexes","status":"publish","type":"page","link":"https:\/\/laurent.di-filippo.fr\/?page_id=344","title":{"rendered":"Annexes de th\u00e8se"},"content":{"rendered":"<h1>Annexes<\/h1>\n<h2>Compl\u00e9ments<\/h2>\n<p>I.1 \u2013 <a href=\"https:\/\/laurent.di-filippo.fr\/?page_id=448\">Quelques r\u00e9f\u00e9rences compl\u00e9mentaires sur l&rsquo;histoire des jeux vid\u00e9o<\/a><\/p>\n<p>I.2 \u2013 <a href=\"https:\/\/laurent.di-filippo.fr\/?page_id=451\">La mythologie nordique dans deux jeux de r\u00f4le papier fran\u00e7ais<\/a><\/p>\n<h2>Illustrations<\/h2>\n<p>II.1 &#8211; <a href=\"https:\/\/laurent.di-filippo.fr\/?page_id=341\">Codex Regius<\/a><\/p>\n<p>II.2 &#8211; <a href=\"https:\/\/laurent.di-filippo.fr\/?page_id=345\">Codex Wormianus, page 43<\/a><\/p>\n<p>II.3 \u2013 <a href=\"https:\/\/laurent.di-filippo.fr\/?page_id=352\">Codex Wormianus page 44<\/a><\/p>\n<p>II.4 \u2013 <a href=\"https:\/\/laurent.di-filippo.fr\/?page_id=355\">Codex Trajectinus<\/a><\/p>\n<p>II.5 \u2013 <a href=\"https:\/\/laurent.di-filippo.fr\/?page_id=358\">Laufas Edda, manuscrit AM 758 4to, premi\u00e8re page<\/a><\/p>\n<p>II.6 \u2013 <a href=\"https:\/\/laurent.di-filippo.fr\/?page_id=362\">Specimen Lexici Runici<\/a><\/p>\n<p>II.7 \u2013 <a href=\"https:\/\/laurent.di-filippo.fr\/?page_id=366\">Paul Henri Mallet \u2013 Monumens [\u2026] &#8211; \u00ab\u00a0Edda ou mythologie celtique\u00a0\u00bb<\/a><\/p>\n<p>II.8 \u2013 <a href=\"https:\/\/laurent.di-filippo.fr\/?page_id=369\">Paul Henri Mallet, Monumens [&#8230;] &#8211; \u00ab\u00a0Premi\u00e8re Fable\u00a0\u00bb<\/a><\/p>\n<p>II.9 \u2013 <a href=\"https:\/\/laurent.di-filippo.fr\/?page_id=372\">Gods of the North<\/a><\/p>\n<p>II.10 \u2013 <a href=\"https:\/\/laurent.di-filippo.fr\/?page_id=374\">Chanson \u00ab\u00a0La marche Barbare\u00a0\u00bb<\/a><\/p>\n<p>II.11 \u2013 <a href=\"https:\/\/laurent.di-filippo.fr\/?page_id=376\">Chanson \u00ab\u00a0CROM\u00a0\u00bb<\/a><\/p>\n<p>II.12 \u2013 <a href=\"https:\/\/laurent.di-filippo.fr\/?page_id=378\">\u00c9cran de s\u00e9lection de personnages<\/a><\/p>\n<p>II.13 \u2013 <a href=\"https:\/\/laurent.di-filippo.fr\/?page_id=381\">Carte du monde \u00ab\u00a0Ingame\u00a0\u00bb<\/a><\/p>\n<p>II.14 \u2013 <a href=\"https:\/\/laurent.di-filippo.fr\/?page_id=384\">Ecran de chargement d&rsquo;une r\u00e9gion<\/a><\/p>\n<p>II.15 \u2013 <a href=\"https:\/\/laurent.di-filippo.fr\/?page_id=387\">Une maison Cimm\u00e9rienne<\/a><\/p>\n<p>II.16 \u2013 <a href=\"https:\/\/laurent.di-filippo.fr\/?page_id=391\">Bob le scalde<\/a><\/p>\n<p>II.17 \u2013 <a href=\"https:\/\/laurent.di-filippo.fr\/?page_id=398\">Un Berserker Vanir<\/a><\/p>\n<p>II.18 \u2013 <a href=\"https:\/\/laurent.di-filippo.fr\/?page_id=402\">Niord<\/a><\/p>\n<p>II.19 \u2013 <a href=\"https:\/\/laurent.di-filippo.fr\/?page_id=407\">Dialogue avec Niord<\/a><\/p>\n<p>II.20 \u2013 <a href=\"https:\/\/laurent.di-filippo.fr\/?page_id=410\">Aevar lan\u00e7ant un sortil\u00e8ge<\/a><\/p>\n<p>II.21 \u2013 <a href=\"https:\/\/laurent.di-filippo.fr\/?page_id=413\">G\u00e9ants du Givre Dark Horse Comics et Age of Conan<\/a><\/p>\n<p>II.22 \u2013 <a href=\"https:\/\/laurent.di-filippo.fr\/?page_id=418\">Ymirien<\/a><\/p>\n<p>II.23 \u2013 <a href=\"https:\/\/laurent.di-filippo.fr\/?page_id=421\">Descriptions des 4 cultures<\/a><\/p>\n<p>II.24 \u2013 <a href=\"https:\/\/laurent.di-filippo.fr\/?page_id=424\">Les Vanir description compl\u00e8te<\/a><\/p>\n<p>II.25 \u2013 <a href=\"https:\/\/laurent.di-filippo.fr\/?page_id=426\">Iarl<\/a><\/p>\n<p>II.26 \u2013 <a href=\"https:\/\/laurent.di-filippo.fr\/?page_id=430\">Passe d&rsquo;Ymir: Le guide du routard<\/a><\/p>\n<p>II.27 \u2013 <a href=\"https:\/\/laurent.di-filippo.fr\/?page_id=433\">Apparition des fr\u00e8res d&rsquo;Atali<\/a><\/p>\n<p>II.28 \u2013 <a href=\"https:\/\/laurent.di-filippo.fr\/?page_id=436\">Le p\u00e8re du Givre encha\u00een\u00e9<\/a><\/p>\n<p>II.29 \u2013 <a href=\"https:\/\/laurent.di-filippo.fr\/?page_id=492\">Vid\u00e9o d&rsquo;un chaman de l&rsquo;ours lors d&rsquo;une session PVP<\/a><\/p>\n<p>II.30 \u2013 <a href=\"https:\/\/laurent.di-filippo.fr\/?page_id=442\">Illustration No\u00ebl<\/a><\/p>\n<p>II.31 \u2013 <a href=\"https:\/\/laurent.di-filippo.fr\/?page_id=445\">R\u00e9ponse d&rsquo;une joueuse<\/a><\/p>\n<p>II.32 \u2013<a href=\"https:\/\/laurent.di-filippo.fr\/?page_id=461\"> D\u00e9mon de Tortage aux cornes orn\u00e9es de runes<\/a><\/p>\n<p>II.33 \u2013 <a href=\"https:\/\/laurent.di-filippo.fr\/?page_id=467\">Fauna Suecica, \u00ab\u00a0Microcosmus\u00a0\u00bb<\/a><\/p>\n<p>II.34 \u2013<a href=\"https:\/\/laurent.di-filippo.fr\/?page_id=472\"> D\u00e9cor d&rsquo;\u00e9v\u00e9nement saisonnier d&rsquo;Halloween, villa du quartier noble <\/a><\/p>\n<p>II.35 \u2013 <a href=\"https:\/\/laurent.di-filippo.fr\/?page_id=478\">Gurnakhi Hyperbor\u00e9en Dark Horse Comics et Age of Conan<\/a><\/p>\n<p>&nbsp;<\/p>\n<p>&nbsp;<\/p>\n<p>&nbsp;<\/p>\n","protected":false},"excerpt":{"rendered":"<p>Annexes Compl\u00e9ments I.1 \u2013 Quelques r\u00e9f\u00e9rences compl\u00e9mentaires sur l&rsquo;histoire des jeux vid\u00e9o I.2 \u2013 La mythologie nordique dans deux jeux de r\u00f4le papier fran\u00e7ais Illustrations II.1 &#8211; Codex Regius II.2 &#8211; Codex Wormianus, page 43 II.3 \u2013 Codex Wormianus page 44 II.4 \u2013 Codex Trajectinus II.5 \u2013 Laufas Edda, manuscrit AM 758 4to, premi\u00e8re page &hellip; <a href=\"https:\/\/laurent.di-filippo.fr\/?page_id=344\" class=\"more-link\">Continuer la lecture de <span class=\"screen-reader-text\">Annexes de th\u00e8se<\/span>  <span class=\"meta-nav\">&rarr;<\/span><\/a><\/p>\n","protected":false},"author":1,"featured_media":0,"parent":0,"menu_order":0,"comment_status":"closed","ping_status":"closed","template":"","meta":{"footnotes":""},"class_list":["post-344","page","type-page","status-publish","hentry"],"_links":{"self":[{"href":"https:\/\/laurent.di-filippo.fr\/index.php?rest_route=\/wp\/v2\/pages\/344","targetHints":{"allow":["GET"]}}],"collection":[{"href":"https:\/\/laurent.di-filippo.fr\/index.php?rest_route=\/wp\/v2\/pages"}],"about":[{"href":"https:\/\/laurent.di-filippo.fr\/index.php?rest_route=\/wp\/v2\/types\/page"}],"author":[{"embeddable":true,"href":"https:\/\/laurent.di-filippo.fr\/index.php?rest_route=\/wp\/v2\/users\/1"}],"replies":[{"embeddable":true,"href":"https:\/\/laurent.di-filippo.fr\/index.php?rest_route=%2Fwp%2Fv2%2Fcomments&post=344"}],"version-history":[{"count":22,"href":"https:\/\/laurent.di-filippo.fr\/index.php?rest_route=\/wp\/v2\/pages\/344\/revisions"}],"predecessor-version":[{"id":562,"href":"https:\/\/laurent.di-filippo.fr\/index.php?rest_route=\/wp\/v2\/pages\/344\/revisions\/562"}],"wp:attachment":[{"href":"https:\/\/laurent.di-filippo.fr\/index.php?rest_route=%2Fwp%2Fv2%2Fmedia&parent=344"}],"curies":[{"name":"wp","href":"https:\/\/api.w.org\/{rel}","templated":true}]}}